{"id":3673,"date":"2022-01-17T18:13:20","date_gmt":"2022-01-17T18:13:20","guid":{"rendered":"http:\/\/catalystca.flywheelsites.com\/?page_id=3673"},"modified":"2022-01-21T20:18:00","modified_gmt":"2022-01-21T20:18:00","slug":"koha-support","status":"publish","type":"page","link":"https:\/\/www.catalyst-ca.net\/fr\/koha-support","title":{"rendered":"Support logiciel de la biblioth\u00e8que Koha"},"content":{"rendered":"\n<div class=\"wp-block-columns is-layout-flex wp-container-core-columns-is-layout-9d6595d7 wp-block-columns-is-layout-flex\">\n<div class=\"wp-block-column is-layout-flow wp-block-column-is-layout-flow\" style=\"flex-basis:66.66%\"><script>\nvar gform;gform||(document.addEventListener(\"gform_main_scripts_loaded\",function(){gform.scriptsLoaded=!0}),document.addEventListener(\"gform\/theme\/scripts_loaded\",function(){gform.themeScriptsLoaded=!0}),window.addEventListener(\"DOMContentLoaded\",function(){gform.domLoaded=!0}),gform={domLoaded:!1,scriptsLoaded:!1,themeScriptsLoaded:!1,isFormEditor:()=>\"function\"==typeof InitializeEditor,callIfLoaded:function(o){return!(!gform.domLoaded||!gform.scriptsLoaded||!gform.themeScriptsLoaded&&!gform.isFormEditor()||(gform.isFormEditor()&&console.warn(\"The use of gform.initializeOnLoaded() is deprecated in the form editor context and will be removed in Gravity Forms 3.1.\"),o(),0))},initializeOnLoaded:function(o){gform.callIfLoaded(o)||(document.addEventListener(\"gform_main_scripts_loaded\",()=>{gform.scriptsLoaded=!0,gform.callIfLoaded(o)}),document.addEventListener(\"gform\/theme\/scripts_loaded\",()=>{gform.themeScriptsLoaded=!0,gform.callIfLoaded(o)}),window.addEventListener(\"DOMContentLoaded\",()=>{gform.domLoaded=!0,gform.callIfLoaded(o)}))},hooks:{action:{},filter:{}},addAction:function(o,r,e,t){gform.addHook(\"action\",o,r,e,t)},addFilter:function(o,r,e,t){gform.addHook(\"filter\",o,r,e,t)},doAction:function(o){gform.doHook(\"action\",o,arguments)},applyFilters:function(o){return gform.doHook(\"filter\",o,arguments)},removeAction:function(o,r){gform.removeHook(\"action\",o,r)},removeFilter:function(o,r,e){gform.removeHook(\"filter\",o,r,e)},addHook:function(o,r,e,t,n){null==gform.hooks[o][r]&&(gform.hooks[o][r]=[]);var d=gform.hooks[o][r];null==n&&(n=r+\"_\"+d.length),gform.hooks[o][r].push({tag:n,callable:e,priority:t=null==t?10:t})},doHook:function(r,o,e){var t;if(e=Array.prototype.slice.call(e,1),null!=gform.hooks[r][o]&&((o=gform.hooks[r][o]).sort(function(o,r){return o.priority-r.priority}),o.forEach(function(o){\"function\"!=typeof(t=o.callable)&&(t=window[t]),\"action\"==r?t.apply(null,e):e[0]=t.apply(null,e)})),\"filter\"==r)return e[0]},removeHook:function(o,r,t,n){var e;null!=gform.hooks[o][r]&&(e=(e=gform.hooks[o][r]).filter(function(o,r,e){return!!(null!=n&&n!=o.tag||null!=t&&t!=o.priority)}),gform.hooks[o][r]=e)}});\n<\/script>\n\n                <div class='gf_browser_gecko gform_wrapper gravity-theme gform-theme--no-framework' data-form-theme='gravity-theme' data-form-index='0' id='gform_wrapper_3' >\n                        <div class='gform_heading'>\n                            <h2 class=\"gform_title\">Catalyst Koha Support Request Form<\/h2>\n                            <p class='gform_description'><\/p>\n                        <\/div><form method='post' enctype='multipart\/form-data'  id='gform_3'  action='\/fr\/wp-json\/wp\/v2\/pages\/3673' data-formid='3' novalidate>\n                        <div class='gform-body gform_body'><div id='gform_fields_3' class='gform_fields top_label form_sublabel_below description_below validation_below'><div id=\"field_3_1\" class=\"gfield gfield--type-text gfield_contains_required field_sublabel_below gfield--no-description field_description_below field_validation_below gfield_visibility_visible\"  ><label class='gfield_label gform-field-label' for='input_3_1'>Library name<span class=\"gfield_required\"><span class=\"gfield_required gfield_required_text\">(Required)<\/span><\/span><\/label><div class='ginput_container ginput_container_text'><input name='input_1' id='input_3_1' type='text' value='' class='large'     aria-required=\"true\" aria-invalid=\"false\"   \/><\/div><\/div><div id=\"field_3_2\" class=\"gfield gfield--type-text gfield--width-full gfield_contains_required field_sublabel_below gfield--no-description field_description_below field_validation_below gfield_visibility_visible\"  ><label class='gfield_label gform-field-label' for='input_3_2'>Your name<span class=\"gfield_required\"><span class=\"gfield_required gfield_required_text\">(Required)<\/span><\/span><\/label><div class='ginput_container ginput_container_text'><input name='input_2' id='input_3_2' type='text' value='' class='large'     aria-required=\"true\" aria-invalid=\"false\"   \/><\/div><\/div><div id=\"field_3_3\" class=\"gfield gfield--type-select gfield--width-full gfield_contains_required field_sublabel_below gfield--no-description field_description_below field_validation_below gfield_visibility_visible\"  ><label class='gfield_label gform-field-label' for='input_3_3'>What kind of request is this?<span class=\"gfield_required\"><span class=\"gfield_required gfield_required_text\">(Required)<\/span><\/span><\/label><div class='ginput_container ginput_container_select'><select name='input_3' id='input_3_3' class='large gfield_select'    aria-required=\"true\" aria-invalid=\"false\" ><option value='- Select -' selected='selected'>&#8211; Select &#8211;<\/option><option value='Enquiry or Need information' >Enquiry or Need information<\/option><option value='Support request' >Support request<\/option><option value='Urgent or critical support request' >Urgent or critical support request<\/option><\/select><\/div><\/div><div id=\"field_3_4\" class=\"gfield gfield--type-text gfield--width-full field_sublabel_below gfield--has-description field_description_below field_validation_below gfield_visibility_visible\"  ><label class='gfield_label gform-field-label' for='input_3_4'>URL of the Koha page related to the request<\/label><div class='ginput_container ginput_container_text'><input name='input_4' id='input_3_4' type='text' value='' class='large'  aria-describedby=\"gfield_description_3_4\"    aria-invalid=\"false\"   \/><\/div><div class='gfield_description' id='gfield_description_3_4'>Please enter a valid URL. Remember to include the &#8220;https:\/\/&#8221;<\/div><\/div><div id=\"field_3_5\" class=\"gfield gfield--type-textarea gfield--width-full gfield_contains_required field_sublabel_below gfield--has-description field_description_below field_validation_below gfield_visibility_visible\"  ><label class='gfield_label gform-field-label' for='input_3_5'>Details about your request<span class=\"gfield_required\"><span class=\"gfield_required gfield_required_text\">(Required)<\/span><\/span><\/label><div class='ginput_container ginput_container_textarea'><textarea name='input_5' id='input_3_5' class='textarea large'  aria-describedby=\"gfield_description_3_5\"   aria-required=\"true\" aria-invalid=\"false\"   rows='10' cols='50'><\/textarea><\/div><div class='gfield_description' id='gfield_description_3_5'>If you&#8217;re experiencing a problem or error, please describe in detail what you were doing when the issue occurred, or what steps you took to produce the error. Please also note the date (and time, if possible) you first noticed this issue.\n\nIf you have a question only, please type your question here. <\/div><\/div><div id=\"field_3_6\" class=\"gfield gfield--type-fileupload gfield--width-full field_sublabel_below gfield--has-description field_description_below field_validation_below gfield_visibility_visible\"  ><label class='gfield_label gform-field-label' for='input_3_6'>Upload a screenshot to help us with your request<\/label><div class='ginput_container ginput_container_fileupload'><input type='hidden' name='MAX_FILE_SIZE' value='268435456' \/><input name='input_6' id='input_3_6' type='file' class='large' aria-describedby=\"gfield_upload_rules_3_6 gfield_description_3_6\" onchange='javascript:gformValidateFileSize( this, 268435456 );'  \/><span class='gfield_description gform_fileupload_rules' id='gfield_upload_rules_3_6'>Accepted file types: gif, jpg, jpeg, png, Max. file size: 256 MB.<\/span><div class='gfield_description validation_message gfield_validation_message validation_message--hidden-on-empty' id='live_validation_message_3_6'><\/div> <\/div><div class='gfield_description' id='gfield_description_3_6'>One file only.\n1000 MB limit.\nAllowed types: gif, jpg, jpeg, png. <\/div><\/div><div id=\"field_3_7\" class=\"gfield gfield--type-email gfield--width-full gfield_contains_required field_sublabel_below gfield--no-description field_description_below field_validation_below gfield_visibility_visible\"  ><label class='gfield_label gform-field-label' for='input_3_7'>Your email address<span class=\"gfield_required\"><span class=\"gfield_required gfield_required_text\">(Required)<\/span><\/span><\/label><div class='ginput_container ginput_container_email'>\n                            <input name='input_7' id='input_3_7' type='email' value='' class='large'    aria-required=\"true\" aria-invalid=\"false\"  \/>\n                        <\/div><\/div><div id=\"field_3_8\" class=\"gfield gfield--type-html gfield--width-full gfield_html gfield_html_formatted gfield_no_follows_desc field_sublabel_below gfield--no-description field_description_below field_validation_below gfield_visibility_visible\"  ><strong>If this is a critical support request (i.e. your Koha site is down), we encourage you to also call us <a href=\"tel:+61391162642\">+61 3 9116 2642<\/a> after submitting this form.<\/strong><\/div><div id=\"field_3_9\" class=\"gfield gfield--type-captcha field_sublabel_below gfield--no-description field_description_below field_validation_below gfield_visibility_visible\"  ><label class='gfield_label gform-field-label' for='input_3_9'>CAPTCHA<\/label><div id='input_3_9' class='ginput_container ginput_recaptcha' data-sitekey='6Le3c-IfAAAAAMMz1pwYlAdI30kx9q7o6I2H1oa0'  data-theme='light' data-tabindex='0'  data-badge=''><\/div><\/div><\/div><\/div>\n        <div class='gform-footer gform_footer top_label'> <input type='submit' id='gform_submit_button_3' class='gform_button button' onclick='gform.submission.handleButtonClick(this);' data-submission-type='submit' value='Submit'  \/> \n            <input type='hidden' class='gform_hidden' name='gform_submission_method' data-js='gform_submission_method_3' value='postback' \/>\n            <input type='hidden' class='gform_hidden' name='gform_theme' data-js='gform_theme_3' id='gform_theme_3' value='gravity-theme' \/>\n            <input type='hidden' class='gform_hidden' name='gform_style_settings' data-js='gform_style_settings_3' id='gform_style_settings_3' value='[]' \/>\n            <input type='hidden' class='gform_hidden' name='is_submit_3' value='1' \/>\n            <input type='hidden' class='gform_hidden' name='gform_submit' value='3' \/>\n            \n            <input type='hidden' class='gform_hidden' name='gform_currency' data-currency='AUD' value='F0m+4Gf\/N73c+HyP7CXcobg7Pn5k\/8KmuyECrEwCDKjgW0DXU5P+DffqGXg0JomD7HsI6AHT6knBulKFk8gKCDVX8B7JAaauTK\/ciZ71I\/FNXqs=' \/>\n            <input type='hidden' class='gform_hidden' name='gform_unique_id' value='' \/>\n            <input type='hidden' class='gform_hidden' name='state_3' value='WyJbXSIsIjc3YzNlZjcxOGZmOWE3ZmYyMmY5MGEzYWQwOTU5NTNlIl0=' \/>\n            <input type='hidden' autocomplete='off' class='gform_hidden' name='gform_target_page_number_3' id='gform_target_page_number_3' value='0' \/>\n            <input type='hidden' autocomplete='off' class='gform_hidden' name='gform_source_page_number_3' id='gform_source_page_number_3' value='1' \/>\n            <input type='hidden' name='gform_field_values' value='' \/>\n            \n        <\/div>\n                        <\/form>\n                        <\/div><script>\ngform.initializeOnLoaded( function() {gformInitSpinner( 3, 'https:\/\/www.catalyst-ca.net\/wp-content\/plugins\/gravityforms\/images\/spinner.svg', true );jQuery('#gform_ajax_frame_3').on('load',function(){var contents = jQuery(this).contents().find('*').html();var is_postback = contents.indexOf('GF_AJAX_POSTBACK') >= 0;if(!is_postback){return;}var form_content = jQuery(this).contents().find('#gform_wrapper_3');var is_confirmation = jQuery(this).contents().find('#gform_confirmation_wrapper_3').length > 0;var is_redirect = contents.indexOf('gformRedirect(){') >= 0;var is_form = form_content.length > 0 && ! is_redirect && ! is_confirmation;var mt = parseInt(jQuery('html').css('margin-top'), 10) + parseInt(jQuery('body').css('margin-top'), 10) + 100;if(is_form){jQuery('#gform_wrapper_3').html(form_content.html());if(form_content.hasClass('gform_validation_error')){jQuery('#gform_wrapper_3').addClass('gform_validation_error');} else {jQuery('#gform_wrapper_3').removeClass('gform_validation_error');}setTimeout( function() { \/* delay the scroll by 50 milliseconds to fix a bug in chrome *\/  }, 50 );if(window['gformInitDatepicker']) {gformInitDatepicker();}if(window['gformInitPriceFields']) {gformInitPriceFields();}var current_page = jQuery('#gform_source_page_number_3').val();gformInitSpinner( 3, 'https:\/\/www.catalyst-ca.net\/wp-content\/plugins\/gravityforms\/images\/spinner.svg', true );jQuery(document).trigger('gform_page_loaded', [3, current_page]);window['gf_submitting_3'] = false;}else if(!is_redirect){var confirmation_content = jQuery(this).contents().find('.GF_AJAX_POSTBACK').html();if(!confirmation_content){confirmation_content = contents;}jQuery('#gform_wrapper_3').replaceWith(confirmation_content);jQuery(document).trigger('gform_confirmation_loaded', [3]);window['gf_submitting_3'] = false;wp.a11y.speak(jQuery('#gform_confirmation_message_3').text());}else{jQuery('#gform_3').append(contents);if(window['gformRedirect']) {gformRedirect();}}jQuery(document).trigger(\"gform_pre_post_render\", [{ formId: \"3\", currentPage: \"current_page\", abort: function() { this.preventDefault(); } }]);        if (event && event.defaultPrevented) {                return;        }        const gformWrapperDiv = document.getElementById( \"gform_wrapper_3\" );        if ( gformWrapperDiv ) {            const visibilitySpan = document.createElement( \"span\" );            visibilitySpan.id = \"gform_visibility_test_3\";            gformWrapperDiv.insertAdjacentElement( \"afterend\", visibilitySpan );        }        const visibilityTestDiv = document.getElementById( \"gform_visibility_test_3\" );        let postRenderFired = false;        function triggerPostRender() {            if ( postRenderFired ) {                return;            }            postRenderFired = true;            gform.core.triggerPostRenderEvents( 3, current_page );            if ( visibilityTestDiv ) {                visibilityTestDiv.parentNode.removeChild( visibilityTestDiv );            }        }        function debounce( func, wait, immediate ) {            var timeout;            return function() {                var context = this, args = arguments;                var later = function() {                    timeout = null;                    if ( !immediate ) func.apply( context, args );                };                var callNow = immediate && !timeout;                clearTimeout( timeout );                timeout = setTimeout( later, wait );                if ( callNow ) func.apply( context, args );            };        }        const debouncedTriggerPostRender = debounce( function() {            triggerPostRender();        }, 200 );        if ( visibilityTestDiv && visibilityTestDiv.offsetParent === null ) {            const observer = new MutationObserver( ( mutations ) => {                mutations.forEach( ( mutation ) => {                    if ( mutation.type === 'attributes' && visibilityTestDiv.offsetParent !== null ) {                        debouncedTriggerPostRender();                        observer.disconnect();                    }                });            });            observer.observe( document.body, {                attributes: true,                childList: false,                subtree: true,                attributeFilter: [ 'style', 'class' ],            });        } else {            triggerPostRender();        }    } );} );\n<\/script>\n<\/div>\n\n\n\n<div class=\"wp-block-column is-layout-flow wp-block-column-is-layout-flow\" style=\"flex-basis:33.33%\">\n<div class=\"row richtext-row\">\n                      <div class=\"image col-xs-12\"><\/div>\n                                          <div class=\"content col-xs-12\">\n              \n            <div class=\"field field-body richtext__field-body\"><div class=\"pl-md-4\">\n<h4>Contactez notre \u00e9quipe Koha d\u00e9di\u00e9e \u00e0 tout moment<\/h4>\n<hr><br><p><i class=\"fa fa-envelope\">&nbsp;<\/i> <a href=\"mailto:koha-support@catalyst-au.net\" class=\"spamspan\">koha-support@catalyst-au.net<\/a><\/p>\n\n<p><i class=\"fa fa-phone\">&nbsp;<\/i> <a href=\"tel:+61 3 9116 2642\">+61 3 9116 2642<\/a><\/p>\n<\/div>\n<\/div>\n      \n            <\/div>\n                  <\/div>\n<\/div>\n<\/div>\n","protected":false},"excerpt":{"rendered":"<p>Contactez notre \u00e9quipe Koha d\u00e9di\u00e9e \u00e0 tout moment &nbsp; koha-support@catalyst-au.net &nbsp; +61 3 9116 2642 [&#8230;]<\/p>\n<p><a class=\"btn btn-secondary understrap-read-more-link\" href=\"https:\/\/www.catalyst-ca.net\/fr\/koha-support\">Read More&#8230;<span class=\"screen-reader-text\"> from Support logiciel de la biblioth\u00e8que Koha<\/span><\/a><\/p>\n","protected":false},"author":5,"featured_media":0,"parent":0,"menu_order":0,"comment_status":"closed","ping_status":"closed","template":"","meta":{"_acf_changed":false,"footnotes":""},"class_list":["post-3673","page","type-page","status-publish","hentry"],"acf":[],"yoast_head":"<!-- This site is optimized with the Yoast SEO Premium plugin v27.3 (Yoast SEO v27.3) - https:\/\/yoast.com\/product\/yoast-seo-premium-wordpress\/ -->\n<title>Formulaire de demande d&#039;assistance Catalyst Koha | Catalyst IT Canada<\/title>\n<meta name=\"description\" content=\"Contactez l&#039;\u008equipe de Catalyst pour obtenir l&#039;assistance d&#039;un expert du logiciel de biblioth\u008fque Koha.\" \/>\n<meta name=\"robots\" content=\"index, follow, max-snippet:-1, max-image-preview:large, max-video-preview:-1\" \/>\n<link rel=\"canonical\" href=\"https:\/\/www.catalyst-ca.net\/fr\/koha-support\" \/>\n<meta property=\"og:locale\" content=\"fr_FR\" \/>\n<meta property=\"og:type\" content=\"article\" \/>\n<meta property=\"og:title\" content=\"Support logiciel de la biblioth\u00e8que Koha\" \/>\n<meta property=\"og:description\" content=\"Contactez l&#039;\u008equipe de Catalyst pour obtenir l&#039;assistance d&#039;un expert du logiciel de biblioth\u008fque Koha.\" \/>\n<meta property=\"og:url\" content=\"https:\/\/www.catalyst-ca.net\/fr\/koha-support\" \/>\n<meta property=\"og:site_name\" content=\"Catalyst IT Canada\" \/>\n<meta property=\"article:modified_time\" content=\"2022-01-21T20:18:00+00:00\" \/>\n<meta name=\"twitter:card\" content=\"summary_large_image\" \/>\n<script type=\"application\/ld+json\" class=\"yoast-schema-graph\">{\"@context\":\"https:\\\/\\\/schema.org\",\"@graph\":[{\"@type\":\"WebPage\",\"@id\":\"https:\\\/\\\/www.catalyst-ca.net\\\/fr\\\/koha-support\",\"url\":\"https:\\\/\\\/www.catalyst-ca.net\\\/fr\\\/koha-support\",\"name\":\"Formulaire de demande d'assistance Catalyst Koha | Catalyst IT Canada\",\"isPartOf\":{\"@id\":\"https:\\\/\\\/www.catalyst-ca.net\\\/fr\\\/#website\"},\"datePublished\":\"2022-01-17T18:13:20+00:00\",\"dateModified\":\"2022-01-21T20:18:00+00:00\",\"description\":\"Contactez l'\u008equipe de Catalyst pour obtenir l'assistance d'un expert du logiciel de biblioth\u008fque Koha.\",\"breadcrumb\":{\"@id\":\"https:\\\/\\\/www.catalyst-ca.net\\\/fr\\\/koha-support#breadcrumb\"},\"inLanguage\":\"fr\",\"potentialAction\":[{\"@type\":\"ReadAction\",\"target\":[\"https:\\\/\\\/www.catalyst-ca.net\\\/fr\\\/koha-support\"]}]},{\"@type\":\"BreadcrumbList\",\"@id\":\"https:\\\/\\\/www.catalyst-ca.net\\\/fr\\\/koha-support#breadcrumb\",\"itemListElement\":[{\"@type\":\"ListItem\",\"position\":1,\"name\":\"Home\",\"item\":\"https:\\\/\\\/www.catalyst-ca.net\\\/fr\"},{\"@type\":\"ListItem\",\"position\":2,\"name\":\"Support logiciel de la biblioth\u00e8que Koha\"}]},{\"@type\":\"WebSite\",\"@id\":\"https:\\\/\\\/www.catalyst-ca.net\\\/fr\\\/#website\",\"url\":\"https:\\\/\\\/www.catalyst-ca.net\\\/fr\\\/\",\"name\":\"Catalyst IT Canada\",\"description\":\"Open Source Software Services\",\"publisher\":{\"@id\":\"https:\\\/\\\/www.catalyst-ca.net\\\/fr\\\/#organization\"},\"potentialAction\":[{\"@type\":\"SearchAction\",\"target\":{\"@type\":\"EntryPoint\",\"urlTemplate\":\"https:\\\/\\\/www.catalyst-ca.net\\\/fr\\\/?s={search_term_string}\"},\"query-input\":{\"@type\":\"PropertyValueSpecification\",\"valueRequired\":true,\"valueName\":\"search_term_string\"}}],\"inLanguage\":\"fr\"},{\"@type\":\"Organization\",\"@id\":\"https:\\\/\\\/www.catalyst-ca.net\\\/fr\\\/#organization\",\"name\":\"Catalyst IT Canada Ltd\",\"url\":\"https:\\\/\\\/www.catalyst-ca.net\\\/fr\\\/\",\"logo\":{\"@type\":\"ImageObject\",\"inLanguage\":\"fr\",\"@id\":\"https:\\\/\\\/www.catalyst-ca.net\\\/fr\\\/#\\\/schema\\\/logo\\\/image\\\/\",\"url\":\"https:\\\/\\\/www.catalyst-ca.net\\\/wp-content\\\/uploads\\\/2022\\\/03\\\/catalyst-expert-open-source-solutions.png\",\"contentUrl\":\"https:\\\/\\\/www.catalyst-ca.net\\\/wp-content\\\/uploads\\\/2022\\\/03\\\/catalyst-expert-open-source-solutions.png\",\"width\":400,\"height\":126,\"caption\":\"Catalyst IT Canada Ltd\"},\"image\":{\"@id\":\"https:\\\/\\\/www.catalyst-ca.net\\\/fr\\\/#\\\/schema\\\/logo\\\/image\\\/\"}}]}<\/script>\n<!-- \/ Yoast SEO Premium plugin. -->","yoast_head_json":{"title":"Formulaire de demande d'assistance Catalyst Koha | Catalyst IT Canada","description":"Contactez l'\u008equipe de Catalyst pour obtenir l'assistance d'un expert du logiciel de biblioth\u008fque Koha.","robots":{"index":"index","follow":"follow","max-snippet":"max-snippet:-1","max-image-preview":"max-image-preview:large","max-video-preview":"max-video-preview:-1"},"canonical":"https:\/\/www.catalyst-ca.net\/fr\/koha-support","og_locale":"fr_FR","og_type":"article","og_title":"Support logiciel de la biblioth\u00e8que Koha","og_description":"Contactez l'\u008equipe de Catalyst pour obtenir l'assistance d'un expert du logiciel de biblioth\u008fque Koha.","og_url":"https:\/\/www.catalyst-ca.net\/fr\/koha-support","og_site_name":"Catalyst IT Canada","article_modified_time":"2022-01-21T20:18:00+00:00","twitter_card":"summary_large_image","schema":{"@context":"https:\/\/schema.org","@graph":[{"@type":"WebPage","@id":"https:\/\/www.catalyst-ca.net\/fr\/koha-support","url":"https:\/\/www.catalyst-ca.net\/fr\/koha-support","name":"Formulaire de demande d'assistance Catalyst Koha | Catalyst IT Canada","isPartOf":{"@id":"https:\/\/www.catalyst-ca.net\/fr\/#website"},"datePublished":"2022-01-17T18:13:20+00:00","dateModified":"2022-01-21T20:18:00+00:00","description":"Contactez l'\u008equipe de Catalyst pour obtenir l'assistance d'un expert du logiciel de biblioth\u008fque Koha.","breadcrumb":{"@id":"https:\/\/www.catalyst-ca.net\/fr\/koha-support#breadcrumb"},"inLanguage":"fr","potentialAction":[{"@type":"ReadAction","target":["https:\/\/www.catalyst-ca.net\/fr\/koha-support"]}]},{"@type":"BreadcrumbList","@id":"https:\/\/www.catalyst-ca.net\/fr\/koha-support#breadcrumb","itemListElement":[{"@type":"ListItem","position":1,"name":"Home","item":"https:\/\/www.catalyst-ca.net\/fr"},{"@type":"ListItem","position":2,"name":"Support logiciel de la biblioth\u00e8que Koha"}]},{"@type":"WebSite","@id":"https:\/\/www.catalyst-ca.net\/fr\/#website","url":"https:\/\/www.catalyst-ca.net\/fr\/","name":"Catalyst IT Canada","description":"Open Source Software Services","publisher":{"@id":"https:\/\/www.catalyst-ca.net\/fr\/#organization"},"potentialAction":[{"@type":"SearchAction","target":{"@type":"EntryPoint","urlTemplate":"https:\/\/www.catalyst-ca.net\/fr\/?s={search_term_string}"},"query-input":{"@type":"PropertyValueSpecification","valueRequired":true,"valueName":"search_term_string"}}],"inLanguage":"fr"},{"@type":"Organization","@id":"https:\/\/www.catalyst-ca.net\/fr\/#organization","name":"Catalyst IT Canada Ltd","url":"https:\/\/www.catalyst-ca.net\/fr\/","logo":{"@type":"ImageObject","inLanguage":"fr","@id":"https:\/\/www.catalyst-ca.net\/fr\/#\/schema\/logo\/image\/","url":"https:\/\/www.catalyst-ca.net\/wp-content\/uploads\/2022\/03\/catalyst-expert-open-source-solutions.png","contentUrl":"https:\/\/www.catalyst-ca.net\/wp-content\/uploads\/2022\/03\/catalyst-expert-open-source-solutions.png","width":400,"height":126,"caption":"Catalyst IT Canada Ltd"},"image":{"@id":"https:\/\/www.catalyst-ca.net\/fr\/#\/schema\/logo\/image\/"}}]}},"_links":{"self":[{"href":"https:\/\/www.catalyst-ca.net\/fr\/wp-json\/wp\/v2\/pages\/3673","targetHints":{"allow":["GET"]}}],"collection":[{"href":"https:\/\/www.catalyst-ca.net\/fr\/wp-json\/wp\/v2\/pages"}],"about":[{"href":"https:\/\/www.catalyst-ca.net\/fr\/wp-json\/wp\/v2\/types\/page"}],"author":[{"embeddable":true,"href":"https:\/\/www.catalyst-ca.net\/fr\/wp-json\/wp\/v2\/users\/5"}],"replies":[{"embeddable":true,"href":"https:\/\/www.catalyst-ca.net\/fr\/wp-json\/wp\/v2\/comments?post=3673"}],"version-history":[{"count":0,"href":"https:\/\/www.catalyst-ca.net\/fr\/wp-json\/wp\/v2\/pages\/3673\/revisions"}],"wp:attachment":[{"href":"https:\/\/www.catalyst-ca.net\/fr\/wp-json\/wp\/v2\/media?parent=3673"}],"curies":[{"name":"wp","href":"https:\/\/api.w.org\/{rel}","templated":true}]}}