{"id":2789,"date":"2021-12-02T18:33:20","date_gmt":"2021-12-02T18:33:20","guid":{"rendered":"http:\/\/catalystca.flywheelsites.com\/blog\/"},"modified":"2026-04-08T09:33:49","modified_gmt":"2026-04-08T14:33:49","slug":"blog","status":"publish","type":"page","link":"https:\/\/www.catalyst-ca.net\/fr\/blog","title":{"rendered":"Blogue"},"content":{"rendered":"","protected":false},"excerpt":{"rendered":"<p> [&#8230;]<\/p>\n<p><a class=\"btn btn-secondary understrap-read-more-link\" href=\"https:\/\/www.catalyst-ca.net\/fr\/blog\">Read More&#8230;<span class=\"screen-reader-text\"> from Blogue<\/span><\/a><\/p>\n","protected":false},"author":5,"featured_media":0,"parent":0,"menu_order":0,"comment_status":"closed","ping_status":"closed","template":"news-blog.php","meta":{"_acf_changed":false,"footnotes":""},"class_list":["post-2789","page","type-page","status-publish","hentry"],"acf":[],"yoast_head":"<!-- This site is optimized with the Yoast SEO Premium plugin v27.3 (Yoast SEO v27.3) - https:\/\/yoast.com\/product\/yoast-seo-premium-wordpress\/ -->\n<title>Articles de Blogue | Aper\u00e7us et conseils | Catalyst TI Canada<\/title>\n<meta name=\"description\" content=\"Lisez nos derni\u00e8res informations et astuces, couvrant des sujets sur la conception d&#039;applications open source, la migration, l&#039;int\u00e9gration, l&#039;accessibilit\u00e9 et les services g\u00e9r\u00e9s. Inscrivez-vous aujourd&#039;hui!\" \/>\n<meta name=\"robots\" content=\"index, follow, max-snippet:-1, max-image-preview:large, max-video-preview:-1\" \/>\n<link rel=\"canonical\" href=\"https:\/\/catalyst-ca.net\/fr\/blog\" \/>\n<meta property=\"og:locale\" content=\"fr_FR\" \/>\n<meta property=\"og:type\" content=\"article\" \/>\n<meta property=\"og:title\" content=\"Blogue\" \/>\n<meta property=\"og:description\" content=\"Lisez nos derni\u00e8res informations et astuces, couvrant des sujets sur la conception d&#039;applications open source, la migration, l&#039;int\u00e9gration, l&#039;accessibilit\u00e9 et les services g\u00e9r\u00e9s. Inscrivez-vous aujourd&#039;hui!\" \/>\n<meta property=\"og:url\" content=\"https:\/\/catalyst-ca.net\/fr\/blog\" \/>\n<meta property=\"og:site_name\" content=\"Catalyst IT Canada\" \/>\n<meta property=\"article:modified_time\" content=\"2026-04-08T14:33:49+00:00\" \/>\n<meta name=\"twitter:card\" content=\"summary_large_image\" \/>\n<script type=\"application\/ld+json\" class=\"yoast-schema-graph\">{\"@context\":\"https:\\\/\\\/schema.org\",\"@graph\":[{\"@type\":\"WebPage\",\"@id\":\"https:\\\/\\\/www.catalyst-ca.net\\\/fr\\\/blog\",\"url\":\"https:\\\/\\\/catalyst-ca.net\\\/fr\\\/blog\",\"name\":\"Articles de Blogue | Aper\u00e7us et conseils | Catalyst TI Canada\",\"isPartOf\":{\"@id\":\"https:\\\/\\\/www.catalyst-ca.net\\\/fr\\\/#website\"},\"datePublished\":\"2021-12-02T18:33:20+00:00\",\"dateModified\":\"2026-04-08T14:33:49+00:00\",\"description\":\"Lisez nos derni\u00e8res informations et astuces, couvrant des sujets sur la conception d'applications open source, la migration, l'int\u00e9gration, l'accessibilit\u00e9 et les services g\u00e9r\u00e9s. Inscrivez-vous aujourd'hui!\",\"breadcrumb\":{\"@id\":\"https:\\\/\\\/catalyst-ca.net\\\/fr\\\/blog#breadcrumb\"},\"inLanguage\":\"fr\",\"potentialAction\":[{\"@type\":\"ReadAction\",\"target\":[\"https:\\\/\\\/catalyst-ca.net\\\/fr\\\/blog\"]}]},{\"@type\":\"BreadcrumbList\",\"@id\":\"https:\\\/\\\/catalyst-ca.net\\\/fr\\\/blog#breadcrumb\",\"itemListElement\":[{\"@type\":\"ListItem\",\"position\":1,\"name\":\"Home\",\"item\":\"https:\\\/\\\/www.catalyst-ca.net\\\/fr\"},{\"@type\":\"ListItem\",\"position\":2,\"name\":\"Blogue\"}]},{\"@type\":\"WebSite\",\"@id\":\"https:\\\/\\\/www.catalyst-ca.net\\\/fr\\\/#website\",\"url\":\"https:\\\/\\\/www.catalyst-ca.net\\\/fr\\\/\",\"name\":\"Catalyst IT Canada\",\"description\":\"Open Source Software Services\",\"publisher\":{\"@id\":\"https:\\\/\\\/www.catalyst-ca.net\\\/fr\\\/#organization\"},\"potentialAction\":[{\"@type\":\"SearchAction\",\"target\":{\"@type\":\"EntryPoint\",\"urlTemplate\":\"https:\\\/\\\/www.catalyst-ca.net\\\/fr\\\/?s={search_term_string}\"},\"query-input\":{\"@type\":\"PropertyValueSpecification\",\"valueRequired\":true,\"valueName\":\"search_term_string\"}}],\"inLanguage\":\"fr\"},{\"@type\":\"Organization\",\"@id\":\"https:\\\/\\\/www.catalyst-ca.net\\\/fr\\\/#organization\",\"name\":\"Catalyst IT Canada Ltd\",\"url\":\"https:\\\/\\\/www.catalyst-ca.net\\\/fr\\\/\",\"logo\":{\"@type\":\"ImageObject\",\"inLanguage\":\"fr\",\"@id\":\"https:\\\/\\\/www.catalyst-ca.net\\\/fr\\\/#\\\/schema\\\/logo\\\/image\\\/\",\"url\":\"https:\\\/\\\/www.catalyst-ca.net\\\/wp-content\\\/uploads\\\/2022\\\/03\\\/catalyst-expert-open-source-solutions.png\",\"contentUrl\":\"https:\\\/\\\/www.catalyst-ca.net\\\/wp-content\\\/uploads\\\/2022\\\/03\\\/catalyst-expert-open-source-solutions.png\",\"width\":400,\"height\":126,\"caption\":\"Catalyst IT Canada Ltd\"},\"image\":{\"@id\":\"https:\\\/\\\/www.catalyst-ca.net\\\/fr\\\/#\\\/schema\\\/logo\\\/image\\\/\"}}]}<\/script>\n<!-- \/ Yoast SEO Premium plugin. -->","yoast_head_json":{"title":"Articles de Blogue | Aper\u00e7us et conseils | Catalyst TI Canada","description":"Lisez nos derni\u00e8res informations et astuces, couvrant des sujets sur la conception d'applications open source, la migration, l'int\u00e9gration, l'accessibilit\u00e9 et les services g\u00e9r\u00e9s. Inscrivez-vous aujourd'hui!","robots":{"index":"index","follow":"follow","max-snippet":"max-snippet:-1","max-image-preview":"max-image-preview:large","max-video-preview":"max-video-preview:-1"},"canonical":"https:\/\/catalyst-ca.net\/fr\/blog","og_locale":"fr_FR","og_type":"article","og_title":"Blogue","og_description":"Lisez nos derni\u00e8res informations et astuces, couvrant des sujets sur la conception d'applications open source, la migration, l'int\u00e9gration, l'accessibilit\u00e9 et les services g\u00e9r\u00e9s. Inscrivez-vous aujourd'hui!","og_url":"https:\/\/catalyst-ca.net\/fr\/blog","og_site_name":"Catalyst IT Canada","article_modified_time":"2026-04-08T14:33:49+00:00","twitter_card":"summary_large_image","schema":{"@context":"https:\/\/schema.org","@graph":[{"@type":"WebPage","@id":"https:\/\/www.catalyst-ca.net\/fr\/blog","url":"https:\/\/catalyst-ca.net\/fr\/blog","name":"Articles de Blogue | Aper\u00e7us et conseils | Catalyst TI Canada","isPartOf":{"@id":"https:\/\/www.catalyst-ca.net\/fr\/#website"},"datePublished":"2021-12-02T18:33:20+00:00","dateModified":"2026-04-08T14:33:49+00:00","description":"Lisez nos derni\u00e8res informations et astuces, couvrant des sujets sur la conception d'applications open source, la migration, l'int\u00e9gration, l'accessibilit\u00e9 et les services g\u00e9r\u00e9s. Inscrivez-vous aujourd'hui!","breadcrumb":{"@id":"https:\/\/catalyst-ca.net\/fr\/blog#breadcrumb"},"inLanguage":"fr","potentialAction":[{"@type":"ReadAction","target":["https:\/\/catalyst-ca.net\/fr\/blog"]}]},{"@type":"BreadcrumbList","@id":"https:\/\/catalyst-ca.net\/fr\/blog#breadcrumb","itemListElement":[{"@type":"ListItem","position":1,"name":"Home","item":"https:\/\/www.catalyst-ca.net\/fr"},{"@type":"ListItem","position":2,"name":"Blogue"}]},{"@type":"WebSite","@id":"https:\/\/www.catalyst-ca.net\/fr\/#website","url":"https:\/\/www.catalyst-ca.net\/fr\/","name":"Catalyst IT Canada","description":"Open Source Software Services","publisher":{"@id":"https:\/\/www.catalyst-ca.net\/fr\/#organization"},"potentialAction":[{"@type":"SearchAction","target":{"@type":"EntryPoint","urlTemplate":"https:\/\/www.catalyst-ca.net\/fr\/?s={search_term_string}"},"query-input":{"@type":"PropertyValueSpecification","valueRequired":true,"valueName":"search_term_string"}}],"inLanguage":"fr"},{"@type":"Organization","@id":"https:\/\/www.catalyst-ca.net\/fr\/#organization","name":"Catalyst IT Canada Ltd","url":"https:\/\/www.catalyst-ca.net\/fr\/","logo":{"@type":"ImageObject","inLanguage":"fr","@id":"https:\/\/www.catalyst-ca.net\/fr\/#\/schema\/logo\/image\/","url":"https:\/\/www.catalyst-ca.net\/wp-content\/uploads\/2022\/03\/catalyst-expert-open-source-solutions.png","contentUrl":"https:\/\/www.catalyst-ca.net\/wp-content\/uploads\/2022\/03\/catalyst-expert-open-source-solutions.png","width":400,"height":126,"caption":"Catalyst IT Canada Ltd"},"image":{"@id":"https:\/\/www.catalyst-ca.net\/fr\/#\/schema\/logo\/image\/"}}]}},"_links":{"self":[{"href":"https:\/\/www.catalyst-ca.net\/fr\/wp-json\/wp\/v2\/pages\/2789","targetHints":{"allow":["GET"]}}],"collection":[{"href":"https:\/\/www.catalyst-ca.net\/fr\/wp-json\/wp\/v2\/pages"}],"about":[{"href":"https:\/\/www.catalyst-ca.net\/fr\/wp-json\/wp\/v2\/types\/page"}],"author":[{"embeddable":true,"href":"https:\/\/www.catalyst-ca.net\/fr\/wp-json\/wp\/v2\/users\/5"}],"replies":[{"embeddable":true,"href":"https:\/\/www.catalyst-ca.net\/fr\/wp-json\/wp\/v2\/comments?post=2789"}],"version-history":[{"count":1,"href":"https:\/\/www.catalyst-ca.net\/fr\/wp-json\/wp\/v2\/pages\/2789\/revisions"}],"predecessor-version":[{"id":6363,"href":"https:\/\/www.catalyst-ca.net\/fr\/wp-json\/wp\/v2\/pages\/2789\/revisions\/6363"}],"wp:attachment":[{"href":"https:\/\/www.catalyst-ca.net\/fr\/wp-json\/wp\/v2\/media?parent=2789"}],"curies":[{"name":"wp","href":"https:\/\/api.w.org\/{rel}","templated":true}]}}