{"id":2747,"date":"2021-12-16T02:35:06","date_gmt":"2021-12-16T02:35:06","guid":{"rendered":"http:\/\/catalystca.flywheelsites.com\/terms-and-conditions\/"},"modified":"2022-01-21T20:17:57","modified_gmt":"2022-01-21T20:17:57","slug":"termes-et-conditions","status":"publish","type":"page","link":"https:\/\/www.catalyst-ca.net\/fr\/termes-et-conditions","title":{"rendered":"Termes et conditions"},"content":{"rendered":"\n<h1 class=\"wp-block-heading\">Termes et conditions<\/h1>\n\n\n\n<p><strong>Conditions G\u00e9n\u00e9rales<\/strong><\/p>\n\n\n\n<p>Le pr\u00e9sent Contrat et ses Annexes associ\u00e9es d\u00e9finissent les termes et conditions qui s&#8217;appliqueront \u00e0 la fourniture des Services par Catalyst au client<\/p>\n\n\n\n<p>La version actuelle des conditions g\u00e9n\u00e9rales de Catalyst est la version 3.06, publi\u00e9e le 11 novembre 2021<\/p>\n\n\n\n<p><a href=\"\/wp-content\/uploads\/2022\/01\/Catalyst-Terms-and-Conditions-V3.06.pdf\">Catalyst Terms and Conditions V3.06.pdf\u00a0<\/a><\/p>\n","protected":false},"excerpt":{"rendered":"<p>Termes et conditions Conditions G\u00e9n\u00e9rales Le pr\u00e9sent Contrat et ses Annexes associ\u00e9es d\u00e9finissent les termes et conditions qui s&#8217;appliqueront \u00e0 la fourniture des Services par Catalyst au client La version actuelle des conditions g\u00e9n\u00e9rales de Catalyst est la version 3.06, publi\u00e9e le 11 novembre 2021 Catalyst Terms and Conditions V3.06.pdf\u00a0 [&#8230;]<\/p>\n<p><a class=\"btn btn-secondary understrap-read-more-link\" href=\"https:\/\/www.catalyst-ca.net\/fr\/termes-et-conditions\">Read More&#8230;<span class=\"screen-reader-text\"> from Termes et conditions<\/span><\/a><\/p>\n","protected":false},"author":5,"featured_media":0,"parent":0,"menu_order":0,"comment_status":"closed","ping_status":"closed","template":"","meta":{"_acf_changed":false,"footnotes":""},"class_list":["post-2747","page","type-page","status-publish","hentry"],"acf":[],"yoast_head":"<!-- This site is optimized with the Yoast SEO Premium plugin v27.3 (Yoast SEO v27.5) - https:\/\/yoast.com\/product\/yoast-seo-premium-wordpress\/ -->\n<title>Conditions G\u008en\u008erales | Catalyseur TI Canada<\/title>\n<meta name=\"description\" content=\"Les conditions g\u008en\u008erales de Catalyst IT Canada \u008enoncent les conditions g\u008en\u008erales qui s&#039;appliqueront \u0088 la prestation de services fournis par Catalyst \u0088 ses clients.\" \/>\n<meta name=\"robots\" content=\"index, follow, max-snippet:-1, max-image-preview:large, max-video-preview:-1\" \/>\n<link rel=\"canonical\" href=\"https:\/\/www.catalyst-ca.net\/fr\/termes-et-conditions\" \/>\n<meta property=\"og:locale\" content=\"fr_FR\" \/>\n<meta property=\"og:type\" content=\"article\" \/>\n<meta property=\"og:title\" content=\"Termes et conditions\" \/>\n<meta property=\"og:description\" content=\"Les conditions g\u008en\u008erales de Catalyst IT Canada \u008enoncent les conditions g\u008en\u008erales qui s&#039;appliqueront \u0088 la prestation de services fournis par Catalyst \u0088 ses clients.\" \/>\n<meta property=\"og:url\" content=\"https:\/\/www.catalyst-ca.net\/fr\/termes-et-conditions\" \/>\n<meta property=\"og:site_name\" content=\"Catalyst IT Canada\" \/>\n<meta property=\"article:modified_time\" content=\"2022-01-21T20:17:57+00:00\" \/>\n<meta name=\"twitter:card\" content=\"summary_large_image\" \/>\n<script type=\"application\/ld+json\" class=\"yoast-schema-graph\">{\"@context\":\"https:\\\/\\\/schema.org\",\"@graph\":[{\"@type\":\"WebPage\",\"@id\":\"https:\\\/\\\/www.catalyst-ca.net\\\/fr\\\/termes-et-conditions\",\"url\":\"https:\\\/\\\/www.catalyst-ca.net\\\/fr\\\/termes-et-conditions\",\"name\":\"Conditions G\u008en\u008erales | Catalyseur TI Canada\",\"isPartOf\":{\"@id\":\"https:\\\/\\\/www.catalyst-ca.net\\\/fr\\\/#website\"},\"datePublished\":\"2021-12-16T02:35:06+00:00\",\"dateModified\":\"2022-01-21T20:17:57+00:00\",\"description\":\"Les conditions g\u008en\u008erales de Catalyst IT Canada \u008enoncent les conditions g\u008en\u008erales qui s'appliqueront \u0088 la prestation de services fournis par Catalyst \u0088 ses clients.\",\"breadcrumb\":{\"@id\":\"https:\\\/\\\/www.catalyst-ca.net\\\/fr\\\/termes-et-conditions#breadcrumb\"},\"inLanguage\":\"fr\",\"potentialAction\":[{\"@type\":\"ReadAction\",\"target\":[\"https:\\\/\\\/www.catalyst-ca.net\\\/fr\\\/termes-et-conditions\"]}]},{\"@type\":\"BreadcrumbList\",\"@id\":\"https:\\\/\\\/www.catalyst-ca.net\\\/fr\\\/termes-et-conditions#breadcrumb\",\"itemListElement\":[{\"@type\":\"ListItem\",\"position\":1,\"name\":\"Home\",\"item\":\"https:\\\/\\\/www.catalyst-ca.net\\\/fr\"},{\"@type\":\"ListItem\",\"position\":2,\"name\":\"Termes et conditions\"}]},{\"@type\":\"WebSite\",\"@id\":\"https:\\\/\\\/www.catalyst-ca.net\\\/fr\\\/#website\",\"url\":\"https:\\\/\\\/www.catalyst-ca.net\\\/fr\\\/\",\"name\":\"Catalyst IT Canada\",\"description\":\"Open Source Software Services\",\"publisher\":{\"@id\":\"https:\\\/\\\/www.catalyst-ca.net\\\/fr\\\/#organization\"},\"potentialAction\":[{\"@type\":\"SearchAction\",\"target\":{\"@type\":\"EntryPoint\",\"urlTemplate\":\"https:\\\/\\\/www.catalyst-ca.net\\\/fr\\\/?s={search_term_string}\"},\"query-input\":{\"@type\":\"PropertyValueSpecification\",\"valueRequired\":true,\"valueName\":\"search_term_string\"}}],\"inLanguage\":\"fr\"},{\"@type\":\"Organization\",\"@id\":\"https:\\\/\\\/www.catalyst-ca.net\\\/fr\\\/#organization\",\"name\":\"Catalyst IT Canada Ltd\",\"url\":\"https:\\\/\\\/www.catalyst-ca.net\\\/fr\\\/\",\"logo\":{\"@type\":\"ImageObject\",\"inLanguage\":\"fr\",\"@id\":\"https:\\\/\\\/www.catalyst-ca.net\\\/fr\\\/#\\\/schema\\\/logo\\\/image\\\/\",\"url\":\"https:\\\/\\\/www.catalyst-ca.net\\\/wp-content\\\/uploads\\\/2022\\\/03\\\/catalyst-expert-open-source-solutions.png\",\"contentUrl\":\"https:\\\/\\\/www.catalyst-ca.net\\\/wp-content\\\/uploads\\\/2022\\\/03\\\/catalyst-expert-open-source-solutions.png\",\"width\":400,\"height\":126,\"caption\":\"Catalyst IT Canada Ltd\"},\"image\":{\"@id\":\"https:\\\/\\\/www.catalyst-ca.net\\\/fr\\\/#\\\/schema\\\/logo\\\/image\\\/\"}}]}<\/script>\n<!-- \/ Yoast SEO Premium plugin. -->","yoast_head_json":{"title":"Conditions G\u008en\u008erales | Catalyseur TI Canada","description":"Les conditions g\u008en\u008erales de Catalyst IT Canada \u008enoncent les conditions g\u008en\u008erales qui s'appliqueront \u0088 la prestation de services fournis par Catalyst \u0088 ses clients.","robots":{"index":"index","follow":"follow","max-snippet":"max-snippet:-1","max-image-preview":"max-image-preview:large","max-video-preview":"max-video-preview:-1"},"canonical":"https:\/\/www.catalyst-ca.net\/fr\/termes-et-conditions","og_locale":"fr_FR","og_type":"article","og_title":"Termes et conditions","og_description":"Les conditions g\u008en\u008erales de Catalyst IT Canada \u008enoncent les conditions g\u008en\u008erales qui s'appliqueront \u0088 la prestation de services fournis par Catalyst \u0088 ses clients.","og_url":"https:\/\/www.catalyst-ca.net\/fr\/termes-et-conditions","og_site_name":"Catalyst IT Canada","article_modified_time":"2022-01-21T20:17:57+00:00","twitter_card":"summary_large_image","schema":{"@context":"https:\/\/schema.org","@graph":[{"@type":"WebPage","@id":"https:\/\/www.catalyst-ca.net\/fr\/termes-et-conditions","url":"https:\/\/www.catalyst-ca.net\/fr\/termes-et-conditions","name":"Conditions G\u008en\u008erales | Catalyseur TI Canada","isPartOf":{"@id":"https:\/\/www.catalyst-ca.net\/fr\/#website"},"datePublished":"2021-12-16T02:35:06+00:00","dateModified":"2022-01-21T20:17:57+00:00","description":"Les conditions g\u008en\u008erales de Catalyst IT Canada \u008enoncent les conditions g\u008en\u008erales qui s'appliqueront \u0088 la prestation de services fournis par Catalyst \u0088 ses clients.","breadcrumb":{"@id":"https:\/\/www.catalyst-ca.net\/fr\/termes-et-conditions#breadcrumb"},"inLanguage":"fr","potentialAction":[{"@type":"ReadAction","target":["https:\/\/www.catalyst-ca.net\/fr\/termes-et-conditions"]}]},{"@type":"BreadcrumbList","@id":"https:\/\/www.catalyst-ca.net\/fr\/termes-et-conditions#breadcrumb","itemListElement":[{"@type":"ListItem","position":1,"name":"Home","item":"https:\/\/www.catalyst-ca.net\/fr"},{"@type":"ListItem","position":2,"name":"Termes et conditions"}]},{"@type":"WebSite","@id":"https:\/\/www.catalyst-ca.net\/fr\/#website","url":"https:\/\/www.catalyst-ca.net\/fr\/","name":"Catalyst IT Canada","description":"Open Source Software Services","publisher":{"@id":"https:\/\/www.catalyst-ca.net\/fr\/#organization"},"potentialAction":[{"@type":"SearchAction","target":{"@type":"EntryPoint","urlTemplate":"https:\/\/www.catalyst-ca.net\/fr\/?s={search_term_string}"},"query-input":{"@type":"PropertyValueSpecification","valueRequired":true,"valueName":"search_term_string"}}],"inLanguage":"fr"},{"@type":"Organization","@id":"https:\/\/www.catalyst-ca.net\/fr\/#organization","name":"Catalyst IT Canada Ltd","url":"https:\/\/www.catalyst-ca.net\/fr\/","logo":{"@type":"ImageObject","inLanguage":"fr","@id":"https:\/\/www.catalyst-ca.net\/fr\/#\/schema\/logo\/image\/","url":"https:\/\/www.catalyst-ca.net\/wp-content\/uploads\/2022\/03\/catalyst-expert-open-source-solutions.png","contentUrl":"https:\/\/www.catalyst-ca.net\/wp-content\/uploads\/2022\/03\/catalyst-expert-open-source-solutions.png","width":400,"height":126,"caption":"Catalyst IT Canada Ltd"},"image":{"@id":"https:\/\/www.catalyst-ca.net\/fr\/#\/schema\/logo\/image\/"}}]}},"_links":{"self":[{"href":"https:\/\/www.catalyst-ca.net\/fr\/wp-json\/wp\/v2\/pages\/2747","targetHints":{"allow":["GET"]}}],"collection":[{"href":"https:\/\/www.catalyst-ca.net\/fr\/wp-json\/wp\/v2\/pages"}],"about":[{"href":"https:\/\/www.catalyst-ca.net\/fr\/wp-json\/wp\/v2\/types\/page"}],"author":[{"embeddable":true,"href":"https:\/\/www.catalyst-ca.net\/fr\/wp-json\/wp\/v2\/users\/5"}],"replies":[{"embeddable":true,"href":"https:\/\/www.catalyst-ca.net\/fr\/wp-json\/wp\/v2\/comments?post=2747"}],"version-history":[{"count":0,"href":"https:\/\/www.catalyst-ca.net\/fr\/wp-json\/wp\/v2\/pages\/2747\/revisions"}],"wp:attachment":[{"href":"https:\/\/www.catalyst-ca.net\/fr\/wp-json\/wp\/v2\/media?parent=2747"}],"curies":[{"name":"wp","href":"https:\/\/api.w.org\/{rel}","templated":true}]}}